{"id":13,"date":"2017-03-12T11:26:34","date_gmt":"2017-03-12T11:26:34","guid":{"rendered":"http:\/\/www.rechenschieber-mainz.de\/?page_id=13"},"modified":"2021-06-12T20:45:36","modified_gmt":"2021-06-12T20:45:36","slug":"referenzen","status":"publish","type":"page","link":"https:\/\/www.rechenschieber-mainz.de\/index.php\/referenzen\/","title":{"rendered":"Referenzen"},"content":{"rendered":"<blockquote class=\"referenz\"><p>Bei Claus konnte ich meine Mathenote im Leistungskurs deutlich verbessern. Claus hat mir die verschiedensten Themen auf unkomplizierteste Weise n\u00e4her gebracht und einen auch mal dazu angeregt, Aufgabenstellungen und Sachverhalte kritisch zu bewerten. Auch in Themen, die \u00fcber das Fach hinausragten, war Claus immer ein super Gespr\u00e4chspartner. Im Gro\u00dfen und Ganzen wurde wieder eine gewisse Freude an der Mathematik erweckt und aufrecht erhalten. Ich bin immer ziemlich gerne zu den Nachhilfestunden gekommen. Vielen Dank f\u00fcr alles!!!<\/p>\n<p class=\"referenz-author\">Benedikt, Abitur 2021<\/p>\n<\/blockquote>\n<blockquote class=\"referenz\"><p>Ich kann den Rechenschieber Mainz guten Gewissens jedem weiterempfehlen! Ich habe mich hier wesentlich in Mathe verbessert!! Ganz ohne Stress und Druck wird einem alles in Ruhe erkl\u00e4rt. Claus ist einfach super sympathisch und merkt immer ganz genau wo es noch hakt und hat passende \u00dcbungen und Erkl\u00e4rungen parat.<br \/>\nEin gro\u00dfes dankesch\u00f6n an dich Claus, du hast mir sehr geholfen :).<\/p>\n<p class=\"referenz-author\">Janina, Abitur 2021<\/p>\n<\/blockquote>\n<blockquote class=\"referenz\"><p>Ohne Claus h\u00e4tte ich sehr vieles nicht geschafft. Durch ihn habe ich mein Abitur bestanden. Ich hatte viele Probleme im Bereich Mathematik und Physik, vor allem Mathe. Er hat mit mehrere Jahre w\u00f6chentlich geholfen. Er hat eine sehr angenehme Art an sich, war immer sehr geduldig und gab mir Selbstvertrauen. Vor ihm hatte ich viele andere Nachhilfe-Lehrer, jedoch war Claus der erste, der mir richtig geholfen hat. Kann ihn nur empfehlen!<\/p>\n<p class=\"referenz-author\">Rosa, Abitur 2011 (F\u00e4cher: Mathematik &#038; Physik)<\/p>\n<\/blockquote>\n<blockquote class=\"referenz\"><p>Claus ist ein super Nachhilfelehrer, der einfach und verst\u00e4ndlich erkl\u00e4ren kann. Wenn man mal die Sprache der Mathematik nicht versteht, kein Problem, Claus macht es einem immer verst\u00e4ndlich \ud83d\ude42 f\u00fcnf Jahre war ich bei dir und jede Stunde hat Spa\u00df gemacht. Auch wenn mal die Luft drau\u00dfen ist, ist Claus offen f\u00fcr einen kleinen Themenwechsel \ud83d\ude42 er gibt nie die Hoffnung auf und holt alles aus einem raus. Hiermit m\u00f6chte ich dir auch an dieser Stelle ein dickes Dankesch\u00f6n aussprechen, da du mich f\u00fcnf Jahre begleitet hast und mir durch meinen Realschulabschluss und Abitur geholfen hast, ohne dich w\u00e4re das alles so nicht m\u00f6glich gewesen \ud83d\ude42<br \/>\nClaus ist einfach der beste Nachhilfelehrer, den es geben kann.<\/p>\n<p class=\"referenz-author\">Catharina, 20 Jahre<\/p>\n<\/blockquote>\n<blockquote class=\"referenz\"><p>Ich kann den Rechenschieber Mainz guten Gewissens jedem empfehlen. Egal ob man total planlos ist, oder nur sehr ehrgeizig.<br \/>\nIch habe in der 11. Klasse angefangen hier Nachhilfe zu nehmen und habe es sp\u00e4ter im Abi auf 13 Punkte gebracht. Nun musste ich studienfachbedingt noch ein Semester Mathe \u00fcberstehen. Also habe ich kurzfristig wieder mit Nachhilfe angefangen und habe die Abschlusspr\u00fcfung \u00fcberraschend mit einer glatten 1 bestanden. Vieles davon verdanke ich Claus. Er ist ein super Nachhilfelehrer und noch dazu immer f\u00fcr einen Spa\u00df zu haben. Er versteht sein Fach und hat immer kleine Tricks auf Lager. Was mir besonders gefallen hat, ist, dass er sehr flexibel und pers\u00f6nlich auf jeden einzelnen Sch\u00fcler eingeht.<br \/>\nUnd wen dass immernoch nicht \u00fcberzeugt, der sollte wissen dass es Kaffee\/Tee und Bonbons aufs Haus gibt. \ufffc;)<br \/>\nIn diesem Sinne, frohes Lernen!<\/p>\n<p class=\"referenz-author\">Helena, August 2017<\/p>\n<\/blockquote>\n<blockquote class=\"referenz\"><p>Nach etlichem Ausprobieren verschiedener Nachhilfelehrer habe ich durch einen Tipp Claus gefunden. Er hat mir im Endeffekt mein Mathe-Abi gerettet und mir sogar gezeigt, dass Mathe tats\u00e4chlich Spa\u00df machen kann.<br \/>\nSowohl pers\u00f6nlich als auch fachlich meiner Meinung nach der beste Nachhilfelehrer, den ich hatte. Selbst w\u00e4hrend einer vier-geteilten Nachhilfestunde (4 Sch\u00fcler gleichzeitig) behielt er stets den \u00dcberblick und ich kam nie &#8220;zu kurz&#8221;. Durch die erarbeiteten Grundlagen habe ich selbst in meinem Psychologiestudium die Statistik-Bl\u00f6cke sehr gut bestanden.<br \/>\nIch kann Claus als Nachhilfelehrer an jeden weiterempfehlen und w\u00fcnsche ihm alles Gute f\u00fcr seine Nachhilfeschule.<\/p>\n<p class=\"referenz-author\">Lukas Rei\u00df, 22 Jahre, Abitur 2013<\/p>\n<\/blockquote>\n<blockquote class=\"referenz\"><p>Nachdem ich w\u00e4hrend meines Studiums mit meinem Latein in Sachen Mathe am Ende war habe ich mit der Hilfe von Claus grade noch die Kurve bekommen. Ich kann mich noch gut erinnern wie begeistert Claus von den &#8220;Kopfn\u00fcssen&#8221; war, die sich mein Mathe-Prof. so ausgedacht hatte. Ich vermute, die meisten anderen Nachhilfelehrer h\u00e4tten das nicht geschafft.<\/p>\n<p>Claus konnte die Aufgaben nicht nur sehr schnell und umfassend l\u00f6sen, sondern mir auch noch hervorragend erkl\u00e4ren. Mit seinen 2 Farben, dem Whiteboard und einer einzigartigen Gabe konnte er mir selbst schwierige Zusammenh\u00e4nge erl\u00e4utern und verdeutlichen. Er hat mich stets von dort abgeholt wo ich mit meinem Wissen gerade stand. Gef\u00fchlt war das so einige Male bei den Grundrechenarten. Aber Claus hat nicht aufgegeben und mich angespornt auch nicht den Kopf in den Sand zu stecken. Claus hat einen gro\u00dfen Beitrag geleistet, dass ich mein Studium geschafft habe und heute davon meine Familie ern\u00e4hre!<\/p>\n<p class=\"referenz-author\">Marcel Golz, Wirtschaftsingeniuerwesen FH Mannheim, 2011<\/p>\n<\/blockquote>\n<blockquote class=\"referenz\"><p>Die Vorbereitung aufs Mathe Abi war super und auch die ein oder andere Physikfrage wurde ohne Z\u00f6gern beantwortet.<\/p>\n<p class=\"referenz-author\">Nicola, Abi 2015<\/p>\n<\/blockquote>\n<blockquote class=\"referenz\"><p>Deine Nachhilfeschule wird bestimmt total gut laufen &#8211; da bin ich mir sowas von sicher. Ich w\u00fcrde sie jeder Zeit in Anspruch nehmen, m\u00fcsste ich mich weiterhin mit Mathe herum\u00e4rgern. Und falls du mal Lust hast, in der SRH in Neckargem\u00fcnd g\u00e4be es ein Haufen Jugendliche vom Realschulabschluss bis zum Abitur die schon lange einen guten Nachhilfelehrer suchen \ud83d\ude42<br \/>\nDein Unterricht war echt was besonderes und es hat mir immer sehr viel Spa\u00df gemacht mit dir als Person zu arbeiten da du echt sehr authentisch bist und man immer wusste, dass man sich auf deine herausragende Kompetenzen verlassen kann \ud83d\ude42<\/p>\n<p class=\"referenz-author\">Lara Capriglione, 21 Jahre alt, Realschulabschluss 2010<\/p>\n<\/blockquote>\n<blockquote class=\"referenz\"><p>Selbst die Mathenieten haben Spa\u00df an seinem Unterricht. Hat mich bis zum Abi ertragen &#8211; vielen Dank f\u00fcr die kompetente Nachhilfe, Claus!<\/p>\n<p class=\"referenz-author\">Dilan, Abitur 2012<\/p>\n<\/blockquote>\n<blockquote class=\"referenz\"><p>Viel Erfolg, Danke f\u00fcr alles und auf einen guten Start w\u00fcnsche ich dir \ud83d\ude42<\/p>\n<p class=\"referenz-author\">Malte<\/p>\n<\/blockquote>\n<blockquote class=\"referenz\"><p>Jede Nachhilfestunde hat Spa\u00df gemacht, ich konnte ganz ohne Druck und in lockerer Atmosph\u00e4re mein Mathewissen vertiefen. Auch auf das Abitur hab ich mich sehr gut vorbereitet gef\u00fchlt.<\/p>\n<p class=\"referenz-author\">Anna, Abitur 2015<\/p>\n<\/blockquote>\n<blockquote class=\"referenz\"><p>Finde das super, dass du eine eigene Nachhilfeschule (vor allem) in Mainz aufmachst. Deine Nachhilfe hat mir extrem geholfen besonders beim Mathe Abi \ud83d\ude42<\/p>\n<p class=\"referenz-author\">Julian<\/p>\n<\/blockquote>\n<blockquote class=\"referenz\"><p>Ich habe erst in J2, also im letzten Schuljahr, mit der Nachhilfe bei Claus angefangen. Viele meiner Freundinnen waren schon bei ihm und konnten nur Positives berichten.<\/p>\n<p>Mathe lief bei mir nicht besonders gut und erschwerend kam noch dazu, dass ich CAS Mathe belegt habe, also Mathe mit dem Computeralgebrasystem Maple 17. Es war dadurch sehr schwer einen Nachhilfelehrer zu finden, der da helfen kann.<\/p>\n<p>Ich h\u00e4tte niemand besseren als Claus finden k\u00f6nnen, er hatte stets den vollen Durchblick und hat auch nach dem 10x Erkl\u00e4ren nicht aufgegeben&#8230;<br \/>\nSo konnte ich mich in meinem letzten Schulzeugnis in Mathe von 4 Punkten auf 10 Punkte steigern!!<\/p>\n<p class=\"referenz-author\">Alisa, Abitur 2014<\/p>\n<\/blockquote>\n<blockquote class=\"referenz\"><p>Ich habe den Unterricht bei Claus Brucher sehr genossen. Er war interessant gestaltet und eine echte Abwechslung zur Langweile, die ich normalerweise w\u00e4hrend Mathematik-Unterrichtsstunden empfunden habe. Ich kann nur allen, die sich zwar f\u00fcr Mathe interessieren, aber das Gef\u00fchl haben, es nicht zu verstehen, empfehlen bei ihm Unterricht zu nehmen.<\/p>\n<p class=\"referenz-author\">Simon, Abitur 2016<\/p>\n<\/blockquote>\n<blockquote class=\"referenz\"><p>F\u00fcr Problemstellungen, von denen ich wirklich gar nichts verstand, hatte Claus Brucher immer eine verst\u00e4ndliche L\u00f6sungsanleitung parat<\/p>\n<p class=\"referenz-author\">Maximilian, Abitur 2012<\/p>\n<\/blockquote>\n<blockquote class=\"referenz\"><p>Mathe war nie mein Lieblingsfach&#8230; einige Lehrer betitelten mich sogar als unbegabt. Ob begabt hin oder her, Claus hat mich mit gro\u00dfem Einsatz und Spa\u00df an der Mathematik (dass das m\u00f6glich sein kann, wusste ich bis dahin nicht) erfolgreich durch mein Matheabitur gebracht. Vielen Dank, ohne dich h\u00e4tte die H\u00e4lfte meines Jahrgangs wohl ihr Matheabitur nicht bestanden \ud83d\ude09<\/p>\n<p class=\"referenz-author\">Vera, Abijahrgang 2013<\/p>\n<\/blockquote>\n<blockquote class=\"referenz\"><p>Durch die Nachhilfe von Claus habe ich es geschafft, meinen Schnitt innerhalb eines Jahres um mehr als zwei Noten zu verbessern.<br \/>\nDie besseren Noten und ein besseres Verst\u00e4ndnis haben dazu beigetragen, dass mir Mathe mit der Zeit Spa\u00df gemacht hat und ich mein Mathe-Abi erfolgreich bestanden habe. Seine Begeisterung f\u00fcr Mathematik war nicht nur ansteckend, sondern hat sogar jeglichen Konflikt zwischen mir und den Zahlen beseitigt.<\/p>\n<p class=\"referenz-author\">Maren, Abitur 2012<\/p>\n<\/blockquote>\n<blockquote class=\"referenz\"><p>Da mein Bruder und meine Cousine auch schon bei Claus waren zur Mathenachhilfe, wie gef\u00fchlt halb Ladenburg und man auch immer nur Gutes h\u00f6rte, ging ich zum 1. Mal in meiner Realschulzeit zu Claus. An den besten Tagen musste er einer M\u00e4dchenrunde bestehend aus 5 M\u00e4dchen Mathe beibringen, sodass es auch wirklich die Letzte verstanden hat. Mit viel Verst\u00e4ndnis und Humor hat Claus das immer gut hinbekommen. Auch mit Hilfe von Tee, Gummib\u00e4rchen und Bonbons.<\/p>\n<p>In der Zeit als ich mein Abitur nachgeholt habe, war meine letzte Rettung in Mathe wieder Claus. Dieses Mal waren wir nur zu zweit bei ihm, doch selbst in der kleinen Runde war die Stimmung immer gut. Auch wenn es manchmal sehr anstrengend war, nach einem langen Schultag noch in die Nachhilfe zu gehen, habe ich mich immer darauf gefreut. Kurz vor Pr\u00fcfungen hatte man die M\u00f6glichkeit sich noch einmal bei ihm in den Unterricht zu setzen, falls man noch Fragen hat. Kurz vor unserer Mathepr\u00fcfung hat Claus sich extra noch mehrere Stunden Zeit genommen, um alles intensiv zu wiederholen. Es gab nichts bei dem mir Claus in Mathe nicht helfen konnte, deshalb ging ich danach immer mit einem guten Gef\u00fchl nach Hause.<\/p>\n<p class=\"referenz-author\">Lena, Fachhochschulreife 2016<\/p>\n<\/blockquote>\n<blockquote class=\"referenz\"><p>Meiner Meinung nach bist du der talentierteste Nachhilfelehrer, den ich je hatte und glaube mir, ich hatte schon viele. (Klingt etwas nach Frauenstories, sind tats\u00e4chlich Nachhilfelehrer) Du verstehst es, dich in den Sch\u00fcler hineinzuversetzen und ihn von alleine durch geschickte Anleitung auf das LOGISCHE VERSTEHEN von Mathematik zu bringen!!! Das ist Wahnsinn und ist meiner Meinung nach die effektivste Methode der Nachhilfe. Anbei noch ein kleines Bild von deinen Emails, die du mir immer abends nach dem Unterricht geschickt hast! Personalisiert und immer zuverl\u00e4ssig! Was \u00fcbrigens auch keiner macht&#8230;<\/p>\n<p>Wichtig noch zu erw\u00e4hnen: Ich bin teilweise todm\u00fcde in den Unterricht und hatte keine Chance einzuschlafen, weil es so witzig und unfassbar viel Spa\u00df gemacht hat, mit dir Mathe zu bequatschen. Du kannst das sehr sehr gut!<\/p>\n<p class=\"referenz-author\">Pieros, Abitur 2013<\/p>\n<\/blockquote>\n<blockquote class=\"referenz\"><p>Claus hat geschafft, was viele Nachhilfelehrer vor ihm versucht haben, er hat mir gezeigt, dass Mathe auch Spa\u00df machen kann. Mit seiner Hilfe habe ich es geschafft im Abitur meine beste Mathenote der ganzen Oberstufe abzuliefern. Ich w\u00fcrde jeden, der Nachhilfe braucht, ohne Nachzudenken zu ihm schicken!<\/p>\n<p class=\"referenz-author\">Denise, Abitur 2011<\/p>\n<\/blockquote>\n<blockquote class=\"referenz\"><p>Wir haben uns immer sehr wohl gef\u00fchlt in deiner Nachhilfestunde und sind sogar gerne f\u00fcr Mathe dort hingekommen. Gelernt haben wir auch vieles, ich werde nie meinen Mathetest vergessen, in dem ich 14 Punkte hatte!!!<\/p>\n<p class=\"referenz-author\">Anna-Lena und Nils<\/p>\n<\/blockquote>\n<blockquote class=\"referenz\"><p>Wenn Mathe auf einmal Spa\u00df macht! Ich muss zugeben, dass ich mir Mathe immer selbst zum Feind gemacht habe, bis mich meine Mutter mehr oder weniger zwang, zur Nachhilfe zu gehen, damit ich das bestm\u00f6glichste Abitur schaffe. So kam ich nun zu Claus und war, muss ich sagen, vor der ersten Stunde nicht sehr motiviert, da es sich ja um &#8220;doofe Nachhilfe&#8221; handelte. Schon nach der ersten Stunde mit Claus und Mathe, hatte man auf einmal einen Lehrer\u00a0gefunden, mit dem Mathe Spa\u00df machte! Es liegt n\u00e4mlich nicht daran, dass man Mathe generell nicht kann, sondern daran, dass die meisten Menschen eine Blockade dagegen entwickeln. Claus ist in der Lage diese Blockade zu l\u00f6sen und siehe da, die n\u00e4chste Klausur brachte 14 Punkte hervor, ganz zum Erstaunen von meinem Mathelehrer. Und so kam ich jede Woche gerne zu Claus und lie\u00df mich erleuchten! Ich kann Ihnen und Ihrem Kind nur empfehlen diesen kompetenten und absolut geduldigen Lehrer aufzusuchen, er ist der beste Lehrer, den ich jemals in meinem Leben gehabt habe!<\/p>\n<p class=\"referenz-author\">Simone Forster, Abitur 2015<\/p>\n<\/blockquote>\n<blockquote class=\"referenz\"><p>Die Mathe Abi Vorbereitung von Claus Brucher war nicht nur effizient und erfolgreich, sondern bietet mir jetzt, im Ingenieurstudium, ein wichtiges Standbein.<\/p>\n<p class=\"referenz-author\">Rub\u00e9n, Abitur 2013<\/p>\n<\/blockquote>\n<blockquote class=\"referenz\"><p>Claus hat es geschafft mir in einem Jahr Nachhilfe nicht nur bei meinen Klausuren und Aufgaben zu helfen, sondern auch mir ein allgemeines Verst\u00e4ndnis f\u00fcr Mathematik zu vermitteln, von dem ich nicht erwartet h\u00e4tte es zu finden.<\/p>\n<p>Er war au\u00dferdem auch nicht nur einer der kompetentesten Nachhilfelehrer, die ich je hatte, sondern auch der herzlichste.<\/p>\n<p>Gerade wenn eine Aufgabe mal wieder zum verzweifeln war, konnte Claus einen mit einem Witz immer wieder aufmuntern. Tee und Schokolade waren auch immer zu Gen\u00fcge vorhanden \ud83d\ude09<\/p>\n<p class=\"referenz-author\">Corinna Schnaus, Abitur 2015<\/p>\n<\/blockquote>\n<blockquote class=\"referenz\"><p>Oft vermitteln Nachhilfelehrer ihren Sch\u00fclern, dass sie dumm sind, wenn sie in einem Schulfach nicht mitkommen. Claus nimmt einem dieses Gef\u00fchl, wodurch die Nachhilfe viel entspannter und produktiver wird. Dadurch hatte ich dann auch endlich mal Erfolgsmomente im Matheunterricht.<\/p>\n<p class=\"referenz-author\">Katharina, Abitur 2015<\/p>\n<\/blockquote>\n<blockquote class=\"referenz\"><p>Hervorragende und absolut zuverl\u00e4ssige Vorbereitung auf Pr\u00fcfungen jeglicher Art, egal ob Klausuren oder das Abitur.<\/p>\n<p>Motivation und Spa\u00df haben dennoch nie gefehlt! Man merkt einfach, dass Du mit ganz viel Herz bei der Sache bist!<\/p>\n<p class=\"referenz-author\">Chantal, Abitur 2014<\/p>\n<\/blockquote>\n<blockquote class=\"referenz\"><p>Claus gestaltet den Unterricht sehr spannend und interaktiv. Bei ihm fiel es mir schwer, keinen Spass an der Mathematik zu haben, weshalb ich durch seine Unterst\u00fctzung\u00a0im Abitur von einer 7 auf eine 11 gesprungen bin.<\/p>\n<p class=\"referenz-author\">Jan, Abitur 2015<\/p>\n<\/blockquote>\n<blockquote class=\"referenz\"><p>Mit Claus war Mathenachhilfe mehr als nur Nachhilfe! Es gab zum Beispiel Film-, Literatur- und Serienempfehlungen (die meinen Geschmack immer erstaunlich gut getroffen haben) kostenlos mit dazu. Eines der Beispiele, das zeigt, dass Claus seine Nachhilfesch\u00fcler*innen kennenlernt und sie auf pers\u00f6nlicher Ebene dazu motiviert, die innere Mathe-Abneigung zu \u00fcberwinden!<\/p>\n<p class=\"referenz-author\">Julia, Abi 2014<\/p>\n<\/blockquote>\n<blockquote class=\"referenz\"><p>Claus ist ein lustiger und freundlicher aber auch sehr kompetenter Nachhilfelehrer mit viel Wissen. Man wird optimal betreut und die Aufgaben werden gut erkl\u00e4rt, so dass auch ich sie verstehen konnte \ud83d\ude09 Auf meine W\u00fcnsche wurde stets flexibel reagiert. In den Noten haben sich schnell Verbesserungen gezeigt und mir wurde erfolgreich durch das Abitur verholfen \ud83d\ude42 Danke!!!<\/p>\n<p class=\"referenz-author\">Stephanie, Abitur 2009<\/p>\n<\/blockquote>\n<blockquote class=\"referenz\"><p>Danke f\u00fcr alles ich w\u00fcnsche dir alles gute f\u00fcr die Zukunft und hoffe, dass alles so l\u00e4uft wie du m\u00f6chtest. Ich fand deine Stunden immer sehr witzig und hilfreich und hab viel gelernt! Vielen Dank f\u00fcr das und viel Erfolg mit deinen Pl\u00e4nen, alles Liebe!<\/p>\n<p class=\"referenz-author\">Lotte, Realschulabschluss 2017<\/p>\n<\/blockquote>\n<p><img loading=\"lazy\" class=\"alignnone size-mini-thumb wp-image-137\" src=\"http:\/\/www.rechenschieber-mainz.de\/wp-content\/uploads\/2017\/03\/007-50x50.jpg\" alt=\"\" width=\"50\" height=\"50\" srcset=\"https:\/\/www.rechenschieber-mainz.de\/wp-content\/uploads\/2017\/03\/007-50x50.jpg 50w, https:\/\/www.rechenschieber-mainz.de\/wp-content\/uploads\/2017\/03\/007-150x150.jpg 150w\" sizes=\"(max-width: 50px) 100vw, 50px\" \/> <img loading=\"lazy\" class=\"alignnone size-mini-thumb wp-image-136\" src=\"http:\/\/www.rechenschieber-mainz.de\/wp-content\/uploads\/2017\/03\/006-50x50.png\" alt=\"\" width=\"50\" height=\"50\" srcset=\"https:\/\/www.rechenschieber-mainz.de\/wp-content\/uploads\/2017\/03\/006-50x50.png 50w, https:\/\/www.rechenschieber-mainz.de\/wp-content\/uploads\/2017\/03\/006-150x150.png 150w\" sizes=\"(max-width: 50px) 100vw, 50px\" \/> <img loading=\"lazy\" class=\"alignnone size-mini-thumb wp-image-135\" src=\"http:\/\/www.rechenschieber-mainz.de\/wp-content\/uploads\/2017\/03\/005-50x50.png\" alt=\"\" width=\"50\" height=\"50\" srcset=\"https:\/\/www.rechenschieber-mainz.de\/wp-content\/uploads\/2017\/03\/005-50x50.png 50w, https:\/\/www.rechenschieber-mainz.de\/wp-content\/uploads\/2017\/03\/005-150x150.png 150w\" sizes=\"(max-width: 50px) 100vw, 50px\" \/> <img loading=\"lazy\" class=\"alignnone size-mini-thumb wp-image-134\" src=\"http:\/\/www.rechenschieber-mainz.de\/wp-content\/uploads\/2017\/03\/004-50x50.jpg\" alt=\"\" width=\"50\" height=\"50\" srcset=\"https:\/\/www.rechenschieber-mainz.de\/wp-content\/uploads\/2017\/03\/004-50x50.jpg 50w, https:\/\/www.rechenschieber-mainz.de\/wp-content\/uploads\/2017\/03\/004-150x150.jpg 150w\" sizes=\"(max-width: 50px) 100vw, 50px\" \/> <img loading=\"lazy\" class=\"alignnone size-mini-thumb wp-image-131\" src=\"http:\/\/www.rechenschieber-mainz.de\/wp-content\/uploads\/2017\/03\/001-50x50.png\" alt=\"\" width=\"50\" height=\"50\" srcset=\"https:\/\/www.rechenschieber-mainz.de\/wp-content\/uploads\/2017\/03\/001-50x50.png 50w, https:\/\/www.rechenschieber-mainz.de\/wp-content\/uploads\/2017\/03\/001-150x150.png 150w\" sizes=\"(max-width: 50px) 100vw, 50px\" \/> <img loading=\"lazy\" class=\"alignnone size-mini-thumb wp-image-132\" src=\"http:\/\/www.rechenschieber-mainz.de\/wp-content\/uploads\/2017\/03\/002-50x50.png\" alt=\"\" width=\"50\" height=\"50\" srcset=\"https:\/\/www.rechenschieber-mainz.de\/wp-content\/uploads\/2017\/03\/002-50x50.png 50w, https:\/\/www.rechenschieber-mainz.de\/wp-content\/uploads\/2017\/03\/002-150x150.png 150w\" sizes=\"(max-width: 50px) 100vw, 50px\" \/><\/p>\n","protected":false},"excerpt":{"rendered":"<p>Bei Claus konnte ich meine Mathenote im Leistungskurs deutlich verbessern. Claus hat mir die verschiedensten Themen auf unkomplizierteste Weise n\u00e4her gebracht und einen auch mal dazu angeregt, Aufgabenstellungen und Sachverhalte kritisch zu bewerten. Auch in Themen, die \u00fcber das Fach hinausragten, war Claus immer ein super Gespr\u00e4chspartner. Im Gro\u00dfen und Ganzen wurde wieder eine gewisse &#8230; <a title=\"Referenzen\" class=\"read-more\" href=\"https:\/\/www.rechenschieber-mainz.de\/index.php\/referenzen\/\" aria-label=\"More on Referenzen\">Read more<\/a><\/p>\n","protected":false},"author":1,"featured_media":0,"parent":0,"menu_order":0,"comment_status":"closed","ping_status":"closed","template":"","meta":[],"_links":{"self":[{"href":"https:\/\/www.rechenschieber-mainz.de\/index.php\/wp-json\/wp\/v2\/pages\/13"}],"collection":[{"href":"https:\/\/www.rechenschieber-mainz.de\/index.php\/wp-json\/wp\/v2\/pages"}],"about":[{"href":"https:\/\/www.rechenschieber-mainz.de\/index.php\/wp-json\/wp\/v2\/types\/page"}],"author":[{"embeddable":true,"href":"https:\/\/www.rechenschieber-mainz.de\/index.php\/wp-json\/wp\/v2\/users\/1"}],"replies":[{"embeddable":true,"href":"https:\/\/www.rechenschieber-mainz.de\/index.php\/wp-json\/wp\/v2\/comments?post=13"}],"version-history":[{"count":36,"href":"https:\/\/www.rechenschieber-mainz.de\/index.php\/wp-json\/wp\/v2\/pages\/13\/revisions"}],"predecessor-version":[{"id":564,"href":"https:\/\/www.rechenschieber-mainz.de\/index.php\/wp-json\/wp\/v2\/pages\/13\/revisions\/564"}],"wp:attachment":[{"href":"https:\/\/www.rechenschieber-mainz.de\/index.php\/wp-json\/wp\/v2\/media?parent=13"}],"curies":[{"name":"wp","href":"https:\/\/api.w.org\/{rel}","templated":true}]}}