{"id":199,"date":"2017-03-20T07:48:03","date_gmt":"2017-03-20T07:48:03","guid":{"rendered":"http:\/\/www.rechenschieber-mainz.de\/?page_id=199"},"modified":"2017-05-22T11:19:59","modified_gmt":"2017-05-22T11:19:59","slug":"uber-mich","status":"publish","type":"page","link":"https:\/\/www.rechenschieber-mainz.de\/index.php\/uber-mich\/","title":{"rendered":"\u00dcber mich &#8211; Claus Brucher"},"content":{"rendered":"<p>Seit vielen Jahren bin ich als Nachhilfelehrer t\u00e4tig. Mathematik geh\u00f6rt in den seltensten F\u00e4llen zu den Lieblingsf\u00e4chern meiner Sch\u00fclerInnen &#8211; neben Fachkompetenz ist es unerl\u00e4sslich, die individuellen Schwierigkeiten zu erkennen, Erkl\u00e4rungen, Hinweise und \u00dcbungsaufgaben so zu w\u00e4hlen und anzupassen, dass sie fordern, aber nicht \u00fcberfordern. Dazu muss man sein Gegen\u00fcber kennenlernen, muss auf den Zahn f\u00fchlen, ohne zu g\u00e4ngeln.\u00a0Und darin bin ich ziemlich gut.<\/p>\n<figure id=\"attachment_388\" aria-describedby=\"caption-attachment-388\" style=\"width: 290px\" class=\"wp-caption aligncenter\"><img loading=\"lazy\" class=\"wp-image-388 size-medium\" src=\"http:\/\/www.rechenschieber-mainz.de\/wp-content\/uploads\/2017\/04\/004-300x225.png\" alt=\"\" width=\"300\" height=\"225\" srcset=\"https:\/\/www.rechenschieber-mainz.de\/wp-content\/uploads\/2017\/04\/004-300x225.png 300w, https:\/\/www.rechenschieber-mainz.de\/wp-content\/uploads\/2017\/04\/004-768x576.png 768w, https:\/\/www.rechenschieber-mainz.de\/wp-content\/uploads\/2017\/04\/004-1024x768.png 1024w, https:\/\/www.rechenschieber-mainz.de\/wp-content\/uploads\/2017\/04\/004.png 1280w\" sizes=\"(max-width: 300px) 100vw, 300px\" \/><figcaption id=\"caption-attachment-388\" class=\"wp-caption-text\">Hilfestellung im Umgang mit einem CAS<\/figcaption><\/figure>\n<p>In den letzten Jahren habe ich alle Klassenstufen, alle Schularten unterrichtet und immer wieder\u00a0auch Studenten in verschiedenen Studieng\u00e4ngen erfolgreich auf Klausuren vorbereitet. Neben den umfassenden Erfahrungen, die ich dabei gesammelt habe, sind auch unz\u00e4hlige Aufgaben entstanden, die sich zu an einem gro\u00dfen Teil an Erfahrungswerten orientieren: welche Themen m\u00fcssen gesondert wiederholt und ge\u00fcbt werden, zu welchen Fragen reichen die Aufgaben in den diversen Matheb\u00fcchern und Skripten nicht aus. Neben den g\u00e4ngigen Schulb\u00fcchern\u00a0und -taschenrechnern habe ich Erfahrungen mit dem Stil diverser LehrerInnen gesammelt, und auch das ist nat\u00fcrlich hilfreich.<\/p>\n<p>Zus\u00e4tzlich zur regul\u00e4ren\u00a0Nachhilfe f\u00fcr Sch\u00fclerInnen und Studierende habe ich auch\u00a0selbst an der Schule unterrichtet, Kurse\u00a0f\u00fcr die Abiturpr\u00fcfung und Realschulabschluss organisiert, vorbereitet und durchgef\u00fchrt und auch f\u00fcr Studenten an der FH Tutorien gegeben.<\/p>\n<figure id=\"attachment_397\" aria-describedby=\"caption-attachment-397\" style=\"width: 790px\" class=\"wp-caption aligncenter\"><img loading=\"lazy\" class=\"wp-image-397 size-full\" src=\"http:\/\/www.rechenschieber-mainz.de\/wp-content\/uploads\/2017\/03\/Gruppenbereich.png\" alt=\"\" width=\"800\" height=\"544\" srcset=\"https:\/\/www.rechenschieber-mainz.de\/wp-content\/uploads\/2017\/03\/Gruppenbereich.png 800w, https:\/\/www.rechenschieber-mainz.de\/wp-content\/uploads\/2017\/03\/Gruppenbereich-300x204.png 300w, https:\/\/www.rechenschieber-mainz.de\/wp-content\/uploads\/2017\/03\/Gruppenbereich-768x522.png 768w\" sizes=\"(max-width: 800px) 100vw, 800px\" \/><figcaption id=\"caption-attachment-397\" class=\"wp-caption-text\">Platz f\u00fcr Vorbereitungskurse in Gruppen<\/figcaption><\/figure>\n<p>So schwer ich mich damit tue meine eigenen Vorz\u00fcge zu posaunen, das Folgende ist doch eine objektive Aussage: viele Jahre Berufserfahrung qualifizieren mich als Experten. Sehr konservativ gesch\u00e4tzt komme ich auf mehr als\u00a020000 Unterrichtsstunden &#8211; die tats\u00e4chliche Zahl ist mit Sicherheit\u00a0h\u00f6her. Und ich kann eine lange Liste erfolgreicher Sch\u00fcler und Sch\u00fclerinnen vorweisen. Einige konnte ich (teilweise nach sehr langer Zeit) erreichen. Davon\u00a0haben sich viele sogar sofort bereit erkl\u00e4rt, mir\u00a0<a class=\"arrow\" href=\"http:\/\/www.rechenschieber-mainz.de\/index.php\/referenzen\/\">Referenzen<\/a>\u00a0zu verfassen. Vielen Dank noch einmal daf\u00fcr.<\/p>\n","protected":false},"excerpt":{"rendered":"<p>Seit vielen Jahren bin ich als Nachhilfelehrer t\u00e4tig. Mathematik geh\u00f6rt in den seltensten F\u00e4llen zu den Lieblingsf\u00e4chern meiner Sch\u00fclerInnen &#8211; neben Fachkompetenz ist es unerl\u00e4sslich, die individuellen Schwierigkeiten zu erkennen, Erkl\u00e4rungen, Hinweise und \u00dcbungsaufgaben so zu w\u00e4hlen und anzupassen, dass sie fordern, aber nicht \u00fcberfordern. Dazu muss man sein Gegen\u00fcber kennenlernen, muss auf den Zahn &#8230; <a title=\"\u00dcber mich &#8211; Claus Brucher\" class=\"read-more\" href=\"https:\/\/www.rechenschieber-mainz.de\/index.php\/uber-mich\/\" aria-label=\"More on \u00dcber mich &#8211; Claus Brucher\">Read more<\/a><\/p>\n","protected":false},"author":1,"featured_media":0,"parent":0,"menu_order":0,"comment_status":"closed","ping_status":"closed","template":"","meta":[],"_links":{"self":[{"href":"https:\/\/www.rechenschieber-mainz.de\/index.php\/wp-json\/wp\/v2\/pages\/199"}],"collection":[{"href":"https:\/\/www.rechenschieber-mainz.de\/index.php\/wp-json\/wp\/v2\/pages"}],"about":[{"href":"https:\/\/www.rechenschieber-mainz.de\/index.php\/wp-json\/wp\/v2\/types\/page"}],"author":[{"embeddable":true,"href":"https:\/\/www.rechenschieber-mainz.de\/index.php\/wp-json\/wp\/v2\/users\/1"}],"replies":[{"embeddable":true,"href":"https:\/\/www.rechenschieber-mainz.de\/index.php\/wp-json\/wp\/v2\/comments?post=199"}],"version-history":[{"count":13,"href":"https:\/\/www.rechenschieber-mainz.de\/index.php\/wp-json\/wp\/v2\/pages\/199\/revisions"}],"predecessor-version":[{"id":402,"href":"https:\/\/www.rechenschieber-mainz.de\/index.php\/wp-json\/wp\/v2\/pages\/199\/revisions\/402"}],"wp:attachment":[{"href":"https:\/\/www.rechenschieber-mainz.de\/index.php\/wp-json\/wp\/v2\/media?parent=199"}],"curies":[{"name":"wp","href":"https:\/\/api.w.org\/{rel}","templated":true}]}}