{"id":263,"date":"2017-03-27T06:26:06","date_gmt":"2017-03-27T06:26:06","guid":{"rendered":"http:\/\/www.rechenschieber-mainz.de\/?page_id=263"},"modified":"2017-04-20T20:43:13","modified_gmt":"2017-04-20T20:43:13","slug":"ist-ein-rechenschieber","status":"publish","type":"page","link":"https:\/\/www.rechenschieber-mainz.de\/index.php\/ist-ein-rechenschieber\/","title":{"rendered":"Was ist ein Rechenschieber?"},"content":{"rendered":"<p>Ein Rechenschieber ist ein analoges Hilfsmittel, mit dem Rechnungen durchgef\u00fchrt werden k\u00f6nnen. Darunter fallen die Grundrechenarten, bei aufwendigeren Ausf\u00fchrungen k\u00f6nnen auch Logarithmen bestimmt oder Werte trigonometrischer Funktionen abgelesen werden.<\/p>\n<p><a href=\"http:\/\/www.rechenschieber-mainz.de\/wp-content\/uploads\/2017\/03\/Rechenschieber.jpeg\"><img loading=\"lazy\" class=\"wp-image-264 size-medium alignleft\" src=\"http:\/\/www.rechenschieber-mainz.de\/wp-content\/uploads\/2017\/03\/Rechenschieber-169x300.jpeg\" alt=\"\" width=\"169\" height=\"300\" srcset=\"https:\/\/www.rechenschieber-mainz.de\/wp-content\/uploads\/2017\/03\/Rechenschieber-169x300.jpeg 169w, https:\/\/www.rechenschieber-mainz.de\/wp-content\/uploads\/2017\/03\/Rechenschieber-768x1366.jpeg 768w, https:\/\/www.rechenschieber-mainz.de\/wp-content\/uploads\/2017\/03\/Rechenschieber-576x1024.jpeg 576w, https:\/\/www.rechenschieber-mainz.de\/wp-content\/uploads\/2017\/03\/Rechenschieber.jpeg 899w\" sizes=\"(max-width: 169px) 100vw, 169px\" \/><\/a><\/p>\n<p>Seit Taschenrechner bezahlbar sind, benutzt niemand mehr einen Rechenschieber. Das k\u00f6nnte man schade finden (mein Vater beispielsweise, der die Dinger noch benutzen musste, sieht das so); f\u00fcr die Benutzung eines Rechenschiebers musste man in der Lage sein, sich das Ergebnis prinzipiell schon vorstellen zu k\u00f6nnen, man musste beispielsweise im Kopf schon eine \u00dcberschlagsrechnung durchf\u00fchren, um die richtige Zehnerpotenz im Ergebnis zu haben. Sicherlich f\u00fchrt das zu einem besseren Verst\u00e4ndnis von Zahlen und Gr\u00f6\u00dfen.<\/p>\n<p>Wer noch mehr dazu wissen m\u00f6chte, findet auf\u00a0wikipedia eine umfangreichere\u00a0<a class=\"arrow\" href=\"https:\/\/de.wikipedia.org\/wiki\/Rechenschieber\">Antwort<\/a>.<\/p>\n","protected":false},"excerpt":{"rendered":"<p>Ein Rechenschieber ist ein analoges Hilfsmittel, mit dem Rechnungen durchgef\u00fchrt werden k\u00f6nnen. Darunter fallen die Grundrechenarten, bei aufwendigeren Ausf\u00fchrungen k\u00f6nnen auch Logarithmen bestimmt oder Werte trigonometrischer Funktionen abgelesen werden. Seit Taschenrechner bezahlbar sind, benutzt niemand mehr einen Rechenschieber. Das k\u00f6nnte man schade finden (mein Vater beispielsweise, der die Dinger noch benutzen musste, sieht das so); &#8230; <a title=\"Was ist ein Rechenschieber?\" class=\"read-more\" href=\"https:\/\/www.rechenschieber-mainz.de\/index.php\/ist-ein-rechenschieber\/\" aria-label=\"More on Was ist ein Rechenschieber?\">Read more<\/a><\/p>\n","protected":false},"author":1,"featured_media":0,"parent":0,"menu_order":0,"comment_status":"closed","ping_status":"closed","template":"","meta":[],"_links":{"self":[{"href":"https:\/\/www.rechenschieber-mainz.de\/index.php\/wp-json\/wp\/v2\/pages\/263"}],"collection":[{"href":"https:\/\/www.rechenschieber-mainz.de\/index.php\/wp-json\/wp\/v2\/pages"}],"about":[{"href":"https:\/\/www.rechenschieber-mainz.de\/index.php\/wp-json\/wp\/v2\/types\/page"}],"author":[{"embeddable":true,"href":"https:\/\/www.rechenschieber-mainz.de\/index.php\/wp-json\/wp\/v2\/users\/1"}],"replies":[{"embeddable":true,"href":"https:\/\/www.rechenschieber-mainz.de\/index.php\/wp-json\/wp\/v2\/comments?post=263"}],"version-history":[{"count":4,"href":"https:\/\/www.rechenschieber-mainz.de\/index.php\/wp-json\/wp\/v2\/pages\/263\/revisions"}],"predecessor-version":[{"id":340,"href":"https:\/\/www.rechenschieber-mainz.de\/index.php\/wp-json\/wp\/v2\/pages\/263\/revisions\/340"}],"wp:attachment":[{"href":"https:\/\/www.rechenschieber-mainz.de\/index.php\/wp-json\/wp\/v2\/media?parent=263"}],"curies":[{"name":"wp","href":"https:\/\/api.w.org\/{rel}","templated":true}]}}